{"id":611,"date":"2019-03-28T17:55:17","date_gmt":"2019-03-28T20:55:17","guid":{"rendered":"http:\/\/ure1-fec.org.br\/?page_id=611"},"modified":"2020-10-18T11:32:45","modified_gmt":"2020-10-18T13:32:45","slug":"fec","status":"publish","type":"page","link":"https:\/\/ure1-fec.org.br\/fec\/","title":{"rendered":"Federa\u00e7\u00e3o Esp\u00edrita Catarinense"},"content":{"rendered":"\n<p class=\"has-normal-font-size\">A Federa\u00e7\u00e3o Esp\u00edrita Catarinense, foi fundada \u00e0s 19h30min, do dia 24 de abril de 1945, nas depend\u00eancias do Centro Esp\u00edrita Amor e Humildade do Ap\u00f3stolo, na Rua Marechal Guilherme, n\u00ba 115, ent\u00e3o n\u00ba 29, na cidade de Florian\u00f3polis, Capital do Estado de Santa Catarina.<\/p>\n\n\n\n<p>a FEC \u00e9 uma associa\u00e7\u00e3o civil, com objetivos e ideais n\u00e3o econ\u00f4micos, de car\u00e1ter religioso, filos\u00f3fico, cient\u00edfico, cultural e de assist\u00eancia social, sem fins lucrativos, com dura\u00e7\u00e3o indeterminada, sendo constitu\u00edda pelas institui\u00e7\u00f5es esp\u00edritas a ela filiadas no territ\u00f3rio estadual, e orientada pela codifica\u00e7\u00e3o de Allan Kardec.<\/p>\n\n\n\n<p><strong>Tem por finalidades<\/strong>:<br>I \u2013 promover a uni\u00e3o das institui\u00e7\u00f5es esp\u00edritas catarinenses entre si e no processo de unifica\u00e7\u00e3o nacional e internacional;<br>II \u2013 incentivar, atrav\u00e9s das Uni\u00f5es Regionais Esp\u00edritas, abreviadamente URE\u2019s, a forma\u00e7\u00e3o de novos grupos esp\u00edritas;<br>III \u2013 estimular a pesquisa, o estudo, a difus\u00e3o e a divulga\u00e7\u00e3o do Espiritismo, em seu tr\u00edplice aspecto: cient\u00edfico, filos\u00f3fico e religioso, de conformidade com os princ\u00edpios estabelecidos na Codifica\u00e7\u00e3o elaborada por Allan Kardec; e<br>IV \u2013 estimular a compreens\u00e3o da caridade como valor subjetivo essencial \u00e0 evolu\u00e7\u00e3o do esp\u00edrito.<\/p>\n\n\n\n<p>Para atingir suas finalidades, a FEC desenvolver\u00e1 atividades relativos \u00e0:<br>I \u2013 promo\u00e7\u00e3o de reuni\u00f5es peri\u00f3dicas das institui\u00e7\u00f5es filiadas para o interc\u00e2mbio de informa\u00e7\u00f5es e experi\u00eancias;<br>II \u2013 coordena\u00e7\u00e3o de palestras, cursos, semin\u00e1rios, congressos e outros eventos;<br>III \u2013 integra\u00e7\u00e3o cooperativa com outras institui\u00e7\u00f5es representativas do movimento esp\u00edrita nacional e internacional;<br>IV \u2013 participa\u00e7\u00e3o em conselhos municipais, estaduais e federais, bem como em f\u00f3runs e eventos, desde que sejam convenientes e harm\u00f4nicos aos objetivos da FEC;<br>V \u2013 edi\u00e7\u00e3o de livros, peri\u00f3dicos e m\u00eddias eletr\u00f4nicas; gera\u00e7\u00e3o de programas de r\u00e1dio e televis\u00e3o; manuten\u00e7\u00e3o de livrarias, bibliotecas, arquivos e do memorial do Espiritismo em Santa Catarina; e<br>VI \u2013 coopera\u00e7\u00e3o com institui\u00e7\u00f5es, tendo em vista o campo experimental, entendido como local para implementa\u00e7\u00e3o de projetos de pesquisa, de estudo e de pr\u00e1tica, mediante aprova\u00e7\u00e3o pr\u00e9via do Conselho Federativo Estadual, abreviadamente CFE.<\/p>\n\n\n\n<p>O processo federativo estadual tem como base as seguintes diretrizes (Art 3\u00ba Estatuto):<br>I \u2013 o entendimento de que a filia\u00e7\u00e3o n\u00e3o interfere na autonomia das institui\u00e7\u00f5es esp\u00edritas assim integradas, observados os termos deste Estatuto;<br>II \u2013 a abertura \u00e0 participa\u00e7\u00e3o dos esp\u00edritas em geral, por meio de estruturas representativas descentralizadas, congressos e f\u00f3runs n\u00e3o deliberativos, bem como projetos, no desenvolvimento das atividades e na forma\u00e7\u00e3o das pol\u00edticas a cargo da FEC;<br>III \u2013 o reconhecimento das fun\u00e7\u00f5es coordenadoras da FEC e da sua primazia quanto \u00e0 responsabilidade na condu\u00e7\u00e3o do programa coletivo e do movimento de unifica\u00e7\u00e3o;<br>IV \u2013 a subordina\u00e7\u00e3o dos planos e interesses \u00e0s express\u00f5es doutrin\u00e1rias e aos da evolu\u00e7\u00e3o espiritual, assinalados na obra codificada por Allan Kardec; e<br>V \u2013 a administra\u00e7\u00e3o atrav\u00e9s de \u00f3rg\u00e3os de gest\u00e3o e delibera\u00e7\u00e3o e da assembleia geral, nos termos deste Estatuto.<\/p>\n\n\n\n<p><strong>SEDE ADMINISTRATIVA<\/strong><\/p>\n\n\n\n<figure class=\"wp-block-image size-large\"><img loading=\"lazy\" decoding=\"async\" width=\"822\" height=\"475\" src=\"https:\/\/ure1-fec.org.br\/wp-content\/uploads\/2020\/10\/sededafec.png\" alt=\"\" class=\"wp-image-1175\" srcset=\"https:\/\/ure1-fec.org.br\/wp-content\/uploads\/2020\/10\/sededafec.png 822w, https:\/\/ure1-fec.org.br\/wp-content\/uploads\/2020\/10\/sededafec-300x173.png 300w, https:\/\/ure1-fec.org.br\/wp-content\/uploads\/2020\/10\/sededafec-768x444.png 768w, https:\/\/ure1-fec.org.br\/wp-content\/uploads\/2020\/10\/sededafec-660x381.png 660w\" sizes=\"auto, (max-width: 822px) 100vw, 822px\" \/><\/figure>\n\n\n\n<h3 class=\"has-normal-font-size wp-block-heading\"><strong>CONTATO<\/strong><\/h3>\n\n\n\n<p>Rua Frei Fabiano de Cristo, 200<br>Florian\u00f3polis\/SC \u2013 CEP 88090-490<br>FONE: 48 3348 0808<br>CELULAR: 48 9 9923 7958<br>E-MAIL: fec@fec.org.br<\/p>\n\n\n\n<p>Mais informa\u00e7\u00f5es: <a href=\"http:\/\/fec.org.br\/\" data-type=\"URL\" data-id=\"http:\/\/fec.org.br\/\">www.fec.org.br<\/a><\/p>\n","protected":false},"excerpt":{"rendered":"<p>A Federa\u00e7\u00e3o Esp\u00edrita Catarinense, foi fundada \u00e0s 19h30min, do dia 24 de abril de 1945, nas depend\u00eancias do Centro Esp\u00edrita Amor e Humildade do Ap\u00f3stolo, na Rua Marechal Guilherme, n\u00ba&hellip;<\/p>\n","protected":false},"author":2,"featured_media":0,"parent":0,"menu_order":0,"comment_status":"closed","ping_status":"closed","template":"","meta":{"footnotes":""},"class_list":["post-611","page","type-page","status-publish","hentry"],"_links":{"self":[{"href":"https:\/\/ure1-fec.org.br\/wp-json\/wp\/v2\/pages\/611","targetHints":{"allow":["GET"]}}],"collection":[{"href":"https:\/\/ure1-fec.org.br\/wp-json\/wp\/v2\/pages"}],"about":[{"href":"https:\/\/ure1-fec.org.br\/wp-json\/wp\/v2\/types\/page"}],"author":[{"embeddable":true,"href":"https:\/\/ure1-fec.org.br\/wp-json\/wp\/v2\/users\/2"}],"replies":[{"embeddable":true,"href":"https:\/\/ure1-fec.org.br\/wp-json\/wp\/v2\/comments?post=611"}],"version-history":[{"count":5,"href":"https:\/\/ure1-fec.org.br\/wp-json\/wp\/v2\/pages\/611\/revisions"}],"predecessor-version":[{"id":1178,"href":"https:\/\/ure1-fec.org.br\/wp-json\/wp\/v2\/pages\/611\/revisions\/1178"}],"wp:attachment":[{"href":"https:\/\/ure1-fec.org.br\/wp-json\/wp\/v2\/media?parent=611"}],"curies":[{"name":"wp","href":"https:\/\/api.w.org\/{rel}","templated":true}]}}